{"id":1503,"date":"2019-05-21T18:02:03","date_gmt":"2019-05-21T21:02:03","guid":{"rendered":"http:\/\/dnembalagens.ind.br\/?page_id=1503"},"modified":"2019-08-27T16:14:40","modified_gmt":"2019-08-27T19:14:40","slug":"quem-somos","status":"publish","type":"page","link":"https:\/\/dnembalagens.ind.br\/index.php\/quem-somos\/","title":{"rendered":"Quem Somos"},"content":{"rendered":"\t\t<div data-elementor-type=\"wp-post\" data-elementor-id=\"1503\" class=\"elementor elementor-1503\">\n\t\t\t\t\t\t\t\t\t<section class=\"elementor-section elementor-top-section elementor-element elementor-element-7941377d elementor-section-height-min-height elementor-section-boxed elementor-section-height-default elementor-section-items-middle\" data-id=\"7941377d\" data-element_type=\"section\" data-settings=\"{&quot;background_background&quot;:&quot;classic&quot;}\">\n\t\t\t\t\t\t\t<div class=\"elementor-background-overlay\"><\/div>\n\t\t\t\t\t\t\t<div class=\"elementor-container elementor-column-gap-default\">\n\t\t\t\t\t<div class=\"elementor-column elementor-col-100 elementor-top-column elementor-element elementor-element-7e60201e\" data-id=\"7e60201e\" data-element_type=\"column\">\n\t\t\t<div class=\"elementor-widget-wrap elementor-element-populated\">\n\t\t\t\t\t\t\t\t<div class=\"elementor-element elementor-element-bcbdbc6 elementor-widget elementor-widget-heading\" data-id=\"bcbdbc6\" data-element_type=\"widget\" data-widget_type=\"heading.default\">\n\t\t\t\t<div class=\"elementor-widget-container\">\n\t\t\t<h2 class=\"elementor-heading-title elementor-size-large\">mais do que caixas<br>solu\u00e7\u00f5es personalizadas<\/h2>\t\t<\/div>\n\t\t\t\t<\/div>\n\t\t\t\t<div class=\"elementor-element elementor-element-f885d17 elementor-widget-divider--view-line elementor-widget elementor-widget-divider\" data-id=\"f885d17\" data-element_type=\"widget\" data-widget_type=\"divider.default\">\n\t\t\t\t<div class=\"elementor-widget-container\">\n\t\t\t\t\t<div class=\"elementor-divider\">\n\t\t\t<span class=\"elementor-divider-separator\">\n\t\t\t\t\t\t<\/span>\n\t\t<\/div>\n\t\t\t\t<\/div>\n\t\t\t\t<\/div>\n\t\t\t\t\t<\/div>\n\t\t<\/div>\n\t\t\t\t\t\t\t<\/div>\n\t\t<\/section>\n\t\t\t\t<section class=\"elementor-section elementor-top-section elementor-element elementor-element-8e6bd68 elementor-section-boxed elementor-section-height-default elementor-section-height-default\" data-id=\"8e6bd68\" data-element_type=\"section\">\n\t\t\t\t\t\t<div class=\"elementor-container elementor-column-gap-default\">\n\t\t\t\t\t<div class=\"elementor-column elementor-col-50 elementor-top-column elementor-element elementor-element-877db08\" data-id=\"877db08\" data-element_type=\"column\">\n\t\t\t<div class=\"elementor-widget-wrap elementor-element-populated\">\n\t\t\t\t\t\t\t\t<div class=\"elementor-element elementor-element-eb81d74 elementor-widget elementor-widget-text-editor\" data-id=\"eb81d74\" data-element_type=\"widget\" data-widget_type=\"text-editor.default\">\n\t\t\t\t<div class=\"elementor-widget-container\">\n\t\t\t\t\t\t\t<p style=\"margin: 0cm 0cm 0.0001pt; background: white; vertical-align: baseline; text-align: left;\"><span style=\"font-size: 13.0pt; font-family: 'Arial',sans-serif; color: #333333;\">Somos uma empresa do ramo de embalagens de caixas de papel\u00e3o ondulado, temos como principal objetivo, compreender as necessidades dos nossos clientes e o comprometimento de lhes fornecer solu\u00e7\u00f5es e servi\u00e7os com qualidade e pontualidade, desta forma conquistamos credibilidade e parceria assim criando um relacionamento s\u00f3lido e de confian\u00e7a.<\/span><\/p><p style=\"margin: 0cm 0cm 0.0001pt; background: white; vertical-align: baseline; text-align: left;\"><span style=\"font-size: 13.0pt; font-family: 'Arial',sans-serif; color: #333333;\">\u00a0<\/span><\/p><p style=\"margin: 0cm 0cm 0.0001pt; background: white; vertical-align: baseline; text-align: left;\"><span style=\"font-size: 13.0pt; font-family: 'Arial',sans-serif; color: #333333;\">Estamos preparados para atender sua empresa, contamos com tecnologia de ponta com m\u00e1quinas especializadas e altamente capacitadas para produzir nossos produtos, em diversos tamanhos, formatos e gramatura, utilizamos mat\u00e9ria prima com alto padr\u00e3o de resist\u00eancia e temos uma equipe especializada, qualificada e comprometida para oferecer um atendimento diferenciado com uma solu\u00e7\u00e3o inteligente e econ\u00f4mica.<\/span><\/p><p style=\"margin: 0cm 0cm 0.0001pt; background: white; vertical-align: baseline; text-align: left;\"><span style=\"font-size: 13.0pt; font-family: 'Arial',sans-serif; color: #333333;\">\u00a0<\/span><\/p><p style=\"margin: 0cm 0cm 0.0001pt; background: white; vertical-align: baseline; text-align: left;\"><span style=\"font-size: 13.0pt; font-family: 'Arial',sans-serif; color: #333333;\">Atrav\u00e9s desta vis\u00e3o, a DN Embalagens fundada e atuante no mercado desde 2010 vem crescendo e conquistando mercado juntamente com seus clientes e fornecedores.<\/span><\/p>\t\t\t\t\t\t<\/div>\n\t\t\t\t<\/div>\n\t\t\t\t\t<\/div>\n\t\t<\/div>\n\t\t\t\t<div class=\"elementor-column elementor-col-50 elementor-top-column elementor-element elementor-element-8fb9d79\" data-id=\"8fb9d79\" data-element_type=\"column\">\n\t\t\t<div class=\"elementor-widget-wrap elementor-element-populated\">\n\t\t\t\t\t\t\t\t<div class=\"elementor-element elementor-element-6b3e065 elementor-widget elementor-widget-image\" data-id=\"6b3e065\" data-element_type=\"widget\" data-widget_type=\"image.default\">\n\t\t\t\t<div class=\"elementor-widget-container\">\n\t\t\t\t\t\t\t\t\t\t\t\t\t\t\t<img fetchpriority=\"high\" decoding=\"async\" width=\"800\" height=\"873\" src=\"https:\/\/dnembalagens.ind.br\/wp-content\/uploads\/2019\/05\/foto_quemsomos_pb.jpg\" class=\"attachment-large size-large wp-image-1636\" alt=\"\" srcset=\"https:\/\/dnembalagens.ind.br\/wp-content\/uploads\/2019\/05\/foto_quemsomos_pb.jpg 848w, https:\/\/dnembalagens.ind.br\/wp-content\/uploads\/2019\/05\/foto_quemsomos_pb-600x654.jpg 600w, https:\/\/dnembalagens.ind.br\/wp-content\/uploads\/2019\/05\/foto_quemsomos_pb-275x300.jpg 275w, https:\/\/dnembalagens.ind.br\/wp-content\/uploads\/2019\/05\/foto_quemsomos_pb-768x838.jpg 768w\" sizes=\"(max-width: 800px) 100vw, 800px\" \/>\t\t\t\t\t\t\t\t\t\t\t\t\t\t\t<\/div>\n\t\t\t\t<\/div>\n\t\t\t\t\t<\/div>\n\t\t<\/div>\n\t\t\t\t\t\t\t<\/div>\n\t\t<\/section>\n\t\t\t\t<section class=\"elementor-section elementor-top-section elementor-element elementor-element-162ae747 elementor-section-content-middle elementor-section-boxed elementor-section-height-default elementor-section-height-default\" data-id=\"162ae747\" data-element_type=\"section\">\n\t\t\t\t\t\t<div class=\"elementor-container elementor-column-gap-no\">\n\t\t\t\t\t<div class=\"elementor-column elementor-col-33 elementor-top-column elementor-element elementor-element-2b8b3130\" data-id=\"2b8b3130\" data-element_type=\"column\">\n\t\t\t<div class=\"elementor-widget-wrap elementor-element-populated\">\n\t\t\t\t\t\t\t\t<div class=\"elementor-element elementor-element-6e317eb4 elementor-widget elementor-widget-icon-box\" data-id=\"6e317eb4\" data-element_type=\"widget\" data-widget_type=\"icon-box.default\">\n\t\t\t\t<div class=\"elementor-widget-container\">\n\t\t\t\t\t<div class=\"elementor-icon-box-wrapper\">\n\t\t\t\t\t\t<div class=\"elementor-icon-box-content\">\n\t\t\t\t<h4 class=\"elementor-icon-box-title\">\n\t\t\t\t\t<span  >\n\t\t\t\t\t\tMiss\u00e3o\t\t\t\t\t<\/span>\n\t\t\t\t<\/h4>\n\t\t\t\t\t\t\t\t\t<p class=\"elementor-icon-box-description\">\n\t\t\t\t\t\tAtender as necessidades do cliente com excel\u00eancia oferecendo um produto de alto padr\u00e3o de qualidade com baixo custo de forma profissional e transparente, com criatividade, agilidade no processo e pontualidade nas entregas, construindo parcerias s\u00f3lidas e atuando de forma segura e sustent\u00e1vel.\t\t\t\t\t<\/p>\n\t\t\t\t\t\t\t<\/div>\n\t\t<\/div>\n\t\t\t\t<\/div>\n\t\t\t\t<\/div>\n\t\t\t\t\t<\/div>\n\t\t<\/div>\n\t\t\t\t<div class=\"elementor-column elementor-col-33 elementor-top-column elementor-element elementor-element-40238a51\" data-id=\"40238a51\" data-element_type=\"column\">\n\t\t\t<div class=\"elementor-widget-wrap elementor-element-populated\">\n\t\t\t\t\t\t\t\t<div class=\"elementor-element elementor-element-21537a4b elementor-widget elementor-widget-icon-box\" data-id=\"21537a4b\" data-element_type=\"widget\" data-widget_type=\"icon-box.default\">\n\t\t\t\t<div class=\"elementor-widget-container\">\n\t\t\t\t\t<div class=\"elementor-icon-box-wrapper\">\n\t\t\t\t\t\t<div class=\"elementor-icon-box-content\">\n\t\t\t\t<h4 class=\"elementor-icon-box-title\">\n\t\t\t\t\t<span  >\n\t\t\t\t\t\tVis\u00e3o\t\t\t\t\t<\/span>\n\t\t\t\t<\/h4>\n\t\t\t\t\t\t\t\t\t<p class=\"elementor-icon-box-description\">\n\t\t\t\t\t\tSer refer\u00eancia no mercado de confec\u00e7\u00e3o de caixas de papel ondulado conectando os conceitos de produtividade e rentabilidade de forma sustent\u00e1vel com um \u00f3timo atendimento baseado na preocupa\u00e7\u00e3o e respeito ao cliente.\t\t\t\t\t<\/p>\n\t\t\t\t\t\t\t<\/div>\n\t\t<\/div>\n\t\t\t\t<\/div>\n\t\t\t\t<\/div>\n\t\t\t\t\t<\/div>\n\t\t<\/div>\n\t\t\t\t<div class=\"elementor-column elementor-col-33 elementor-top-column elementor-element elementor-element-308f1384\" data-id=\"308f1384\" data-element_type=\"column\">\n\t\t\t<div class=\"elementor-widget-wrap elementor-element-populated\">\n\t\t\t\t\t\t\t\t<div class=\"elementor-element elementor-element-21722a7f elementor-widget elementor-widget-icon-box\" data-id=\"21722a7f\" data-element_type=\"widget\" data-widget_type=\"icon-box.default\">\n\t\t\t\t<div class=\"elementor-widget-container\">\n\t\t\t\t\t<div class=\"elementor-icon-box-wrapper\">\n\t\t\t\t\t\t<div class=\"elementor-icon-box-content\">\n\t\t\t\t<h4 class=\"elementor-icon-box-title\">\n\t\t\t\t\t<span  >\n\t\t\t\t\t\tValores\t\t\t\t\t<\/span>\n\t\t\t\t<\/h4>\n\t\t\t\t\t\t\t\t\t<p class=\"elementor-icon-box-description\">\n\t\t\t\t\t\tUma empresa \u00edntegra e \u00e9tica, focada em qualidade, confian\u00e7a, dedica\u00e7\u00e3o, cidadania, transpar\u00eancia, sustentabilidade, respeito e responsabilidade socioambiental, garantindo a satisfa\u00e7\u00e3o dos nossos clientes e colaboradores.\t\t\t\t\t<\/p>\n\t\t\t\t\t\t\t<\/div>\n\t\t<\/div>\n\t\t\t\t<\/div>\n\t\t\t\t<\/div>\n\t\t\t\t\t<\/div>\n\t\t<\/div>\n\t\t\t\t\t\t\t<\/div>\n\t\t<\/section>\n\t\t\t\t<section class=\"elementor-section elementor-top-section elementor-element elementor-element-81f9358 elementor-section-boxed elementor-section-height-default elementor-section-height-default\" data-id=\"81f9358\" data-element_type=\"section\" data-settings=\"{&quot;background_background&quot;:&quot;classic&quot;}\">\n\t\t\t\t\t\t\t<div class=\"elementor-background-overlay\"><\/div>\n\t\t\t\t\t\t\t<div class=\"elementor-container elementor-column-gap-default\">\n\t\t\t\t\t<div class=\"elementor-column elementor-col-100 elementor-top-column elementor-element elementor-element-f965a73\" data-id=\"f965a73\" data-element_type=\"column\">\n\t\t\t<div class=\"elementor-widget-wrap elementor-element-populated\">\n\t\t\t\t\t\t\t\t<div class=\"elementor-element elementor-element-fd7f550 elementor-widget elementor-widget-heading\" data-id=\"fd7f550\" data-element_type=\"widget\" data-widget_type=\"heading.default\">\n\t\t\t\t<div class=\"elementor-widget-container\">\n\t\t\t<h2 class=\"elementor-heading-title elementor-size-large\">precisa de uma solu\u00e7\u00e3o PARA SUA EMPRESA?<\/h2>\t\t<\/div>\n\t\t\t\t<\/div>\n\t\t\t\t<div class=\"elementor-element elementor-element-4bec009 elementor-widget elementor-widget-heading\" data-id=\"4bec009\" data-element_type=\"widget\" data-widget_type=\"heading.default\">\n\t\t\t\t<div class=\"elementor-widget-container\">\n\t\t\t<p class=\"elementor-heading-title elementor-size-medium\">Entre com contato!<\/p>\t\t<\/div>\n\t\t\t\t<\/div>\n\t\t\t\t<div class=\"elementor-element elementor-element-9cab765 elementor-widget elementor-widget-button\" data-id=\"9cab765\" data-element_type=\"widget\" data-widget_type=\"button.default\">\n\t\t\t\t<div class=\"elementor-widget-container\">\n\t\t\t\t\t<div class=\"elementor-button-wrapper\">\n\t\t\t<a class=\"elementor-button elementor-button-link elementor-size-md elementor-animation-pulse\" href=\"http:\/\/dnembalagens.ind.br\/index.php\/contato\/\">\n\t\t\t\t\t\t<span class=\"elementor-button-content-wrapper\">\n\t\t\t\t\t\t<span class=\"elementor-button-text\">CLIQUE AQUI<\/span>\n\t\t<\/span>\n\t\t\t\t\t<\/a>\n\t\t<\/div>\n\t\t\t\t<\/div>\n\t\t\t\t<\/div>\n\t\t\t\t\t<\/div>\n\t\t<\/div>\n\t\t\t\t\t\t\t<\/div>\n\t\t<\/section>\n\t\t\t\t\t\t\t<\/div>\n\t\t","protected":false},"excerpt":{"rendered":"<p>mais do que caixassolu\u00e7\u00f5es personalizadas Somos uma empresa do ramo de embalagens de caixas de papel\u00e3o ondulado, temos como principal objetivo, compreender as necessidades dos nossos clientes e o comprometimento &#8230;<\/p>\n","protected":false},"author":1,"featured_media":0,"parent":0,"menu_order":0,"comment_status":"closed","ping_status":"closed","template":"elementor_header_footer","meta":{"footnotes":""},"class_list":["post-1503","page","type-page","status-publish","hentry"],"_links":{"self":[{"href":"https:\/\/dnembalagens.ind.br\/index.php\/wp-json\/wp\/v2\/pages\/1503","targetHints":{"allow":["GET"]}}],"collection":[{"href":"https:\/\/dnembalagens.ind.br\/index.php\/wp-json\/wp\/v2\/pages"}],"about":[{"href":"https:\/\/dnembalagens.ind.br\/index.php\/wp-json\/wp\/v2\/types\/page"}],"author":[{"embeddable":true,"href":"https:\/\/dnembalagens.ind.br\/index.php\/wp-json\/wp\/v2\/users\/1"}],"replies":[{"embeddable":true,"href":"https:\/\/dnembalagens.ind.br\/index.php\/wp-json\/wp\/v2\/comments?post=1503"}],"version-history":[{"count":17,"href":"https:\/\/dnembalagens.ind.br\/index.php\/wp-json\/wp\/v2\/pages\/1503\/revisions"}],"predecessor-version":[{"id":1755,"href":"https:\/\/dnembalagens.ind.br\/index.php\/wp-json\/wp\/v2\/pages\/1503\/revisions\/1755"}],"wp:attachment":[{"href":"https:\/\/dnembalagens.ind.br\/index.php\/wp-json\/wp\/v2\/media?parent=1503"}],"curies":[{"name":"wp","href":"https:\/\/api.w.org\/{rel}","templated":true}]}}